{"id":22163,"date":"2024-08-12T12:36:34","date_gmt":"2024-08-12T11:36:34","guid":{"rendered":"https:\/\/www.duomasters.com\/download-brochura\/"},"modified":"2024-08-12T12:36:34","modified_gmt":"2024-08-12T11:36:34","slug":"download-brochura","status":"publish","type":"page","link":"https:\/\/www.duomasters.com\/pt\/download-brochura\/","title":{"rendered":"Download Brochura"},"content":{"rendered":"\t\t<div data-elementor-type=\"wp-page\" data-elementor-id=\"22163\" class=\"elementor elementor-22163 elementor-20711\" data-elementor-post-type=\"page\">\n\t\t\t\t\t\t<section class=\"elementor-section elementor-top-section elementor-element elementor-element-724baea elementor-section-full_width qodef-elementor-content-grid elementor-section-height-default elementor-section-height-default\" data-id=\"724baea\" data-element_type=\"section\" data-e-type=\"section\">\n\t\t\t\t\t\t<div class=\"elementor-container elementor-column-gap-default\">\n\t\t\t\t\t<div class=\"elementor-column elementor-col-100 elementor-top-column elementor-element elementor-element-c4ca020\" data-id=\"c4ca020\" data-element_type=\"column\" data-e-type=\"column\">\n\t\t\t<div class=\"elementor-widget-wrap elementor-element-populated\">\n\t\t\t\t\t\t<div class=\"elementor-element elementor-element-6236e5a elementor-widget elementor-widget-seafarer_core_section_title\" data-id=\"6236e5a\" data-element_type=\"widget\" data-e-type=\"widget\" data-widget_type=\"seafarer_core_section_title.default\">\n\t\t\t\t<div class=\"elementor-widget-container\">\n\t\t\t\t\t<div class=\"qodef-shortcode qodef-m  qodef-section-title qodef-alignment--center \">\n\t\t<div class=\"qodef-m-content\">\n\t\t\n\t\t\t\t\t<h3 class=\"qodef-m-title\" >\n\t\t\t\t\tPronto para explorar?\t\t\t<\/h3>\n\t\t\t<\/div>\n<\/div>\n\t\t\t\t<\/div>\n\t\t\t\t<\/div>\n\t\t\t\t<div class=\"elementor-element elementor-element-7da004d elementor-widget elementor-widget-spacer\" data-id=\"7da004d\" data-element_type=\"widget\" data-e-type=\"widget\" data-widget_type=\"spacer.default\">\n\t\t\t\t<div class=\"elementor-widget-container\">\n\t\t\t\t\t\t\t<div class=\"elementor-spacer\">\n\t\t\t<div class=\"elementor-spacer-inner\"><\/div>\n\t\t<\/div>\n\t\t\t\t\t\t<\/div>\n\t\t\t\t<\/div>\n\t\t\t\t\t<\/div>\n\t\t<\/div>\n\t\t\t\t\t<\/div>\n\t\t<\/section>\n\t\t\t\t<section class=\"elementor-section elementor-top-section elementor-element elementor-element-d9762c2 elementor-section-boxed elementor-section-height-default elementor-section-height-default qodef-elementor-content-no\" data-id=\"d9762c2\" data-element_type=\"section\" data-e-type=\"section\">\n\t\t\t\t\t\t<div class=\"elementor-container elementor-column-gap-default\">\n\t\t\t\t\t<div class=\"elementor-column elementor-col-50 elementor-top-column elementor-element elementor-element-4dabe94\" data-id=\"4dabe94\" data-element_type=\"column\" data-e-type=\"column\">\n\t\t\t<div class=\"elementor-widget-wrap elementor-element-populated\">\n\t\t\t\t\t\t<div class=\"elementor-element elementor-element-b277e04 elementor-widget elementor-widget-image\" data-id=\"b277e04\" data-element_type=\"widget\" data-e-type=\"widget\" data-widget_type=\"image.default\">\n\t\t\t\t<div class=\"elementor-widget-container\">\n\t\t\t\t\t\t\t\t\t\t\t\t\t\t\t<img fetchpriority=\"high\" decoding=\"async\" width=\"1024\" height=\"996\" src=\"https:\/\/www.duomasters.com\/wp-content\/uploads\/Brochura-Cuckoos-PT.png\" class=\"attachment-large size-large wp-image-20714\" alt=\"\" srcset=\"https:\/\/www.duomasters.com\/wp-content\/uploads\/Brochura-Cuckoos-PT.png 1024w, https:\/\/www.duomasters.com\/wp-content\/uploads\/Brochura-Cuckoos-PT-300x292.png 300w, https:\/\/www.duomasters.com\/wp-content\/uploads\/Brochura-Cuckoos-PT-768x747.png 768w\" sizes=\"(max-width: 1024px) 100vw, 1024px\" \/>\t\t\t\t\t\t\t\t\t\t\t\t\t\t\t<\/div>\n\t\t\t\t<\/div>\n\t\t\t\t\t<\/div>\n\t\t<\/div>\n\t\t\t\t<div class=\"elementor-column elementor-col-50 elementor-top-column elementor-element elementor-element-2283f7b\" data-id=\"2283f7b\" data-element_type=\"column\" data-e-type=\"column\" data-settings=\"{&quot;background_background&quot;:&quot;classic&quot;}\">\n\t\t\t<div class=\"elementor-widget-wrap elementor-element-populated\">\n\t\t\t\t\t\t<div class=\"elementor-element elementor-element-97d2ae0 elementor-widget elementor-widget-spacer\" data-id=\"97d2ae0\" data-element_type=\"widget\" data-e-type=\"widget\" data-widget_type=\"spacer.default\">\n\t\t\t\t<div class=\"elementor-widget-container\">\n\t\t\t\t\t\t\t<div class=\"elementor-spacer\">\n\t\t\t<div class=\"elementor-spacer-inner\"><\/div>\n\t\t<\/div>\n\t\t\t\t\t\t<\/div>\n\t\t\t\t<\/div>\n\t\t\t\t<div class=\"elementor-element elementor-element-8691286 elementor-widget__width-initial elementor-widget elementor-widget-heading\" data-id=\"8691286\" data-element_type=\"widget\" data-e-type=\"widget\" data-widget_type=\"heading.default\">\n\t\t\t\t<div class=\"elementor-widget-container\">\n\t\t\t\t\t<h3 class=\"elementor-heading-title elementor-size-default\">DESCARREGUE GR\u00c1TIS<\/h3>\t\t\t\t<\/div>\n\t\t\t\t<\/div>\n\t\t\t\t<div class=\"elementor-element elementor-element-bcaacb5 elementor-widget elementor-widget-text-editor\" data-id=\"bcaacb5\" data-element_type=\"widget\" data-e-type=\"widget\" data-widget_type=\"text-editor.default\">\n\t\t\t\t<div class=\"elementor-widget-container\">\n\t\t\t\t\t\t\t\t\t<p><span class=\"ui-provider ej bok uk bol bom bon boo bop boq bor bos bot bou bov bow box boy boz bpa bpb bpc bpd bpe bpf bpg bph bpi bpj bpk bpl bpm bpn bpo bpp bpq\" dir=\"ltr\">Deixe os seus dados e receba esta brochura<\/span><\/p>\t\t\t\t\t\t\t\t<\/div>\n\t\t\t\t<\/div>\n\t\t\t\t<div class=\"elementor-element elementor-element-2e158a2 elementor-widget__width-initial elementor-widget elementor-widget-qi_addons_for_elementor_contact_form_7\" data-id=\"2e158a2\" data-element_type=\"widget\" data-e-type=\"widget\" data-widget_type=\"qi_addons_for_elementor_contact_form_7.default\">\n\t\t\t\t<div class=\"elementor-widget-container\">\n\t\t\t\t\t<div class=\"qodef-shortcode qodef-m qodef-qi-contact-form-7\">\n\t\n<div class=\"wpcf7 no-js\" id=\"wpcf7-f22717-o1\" lang=\"pt-PT\" dir=\"ltr\" data-wpcf7-id=\"22717\">\n<div class=\"screen-reader-response\"><p role=\"status\" aria-live=\"polite\" aria-atomic=\"true\"><\/p> <ul><\/ul><\/div>\n<form action=\"\/pt\/wp-json\/wp\/v2\/pages\/22163#wpcf7-f22717-o1\" method=\"post\" class=\"wpcf7-form init chimpmatic-1.7.8.02 0cebeb6b467f cmatic-conn cmatic-aud-3 cmatic-mapd0-0 cmatic-v097802 cmatic-pro-v17802 cmatic-sent-0 cmatic-total-0\" aria-label=\"Formul\u00e1rio de contacto\" novalidate=\"novalidate\" data-status=\"init\">\n<fieldset class=\"hidden-fields-container\"><input type=\"hidden\" name=\"_wpcf7\" value=\"22717\" \/><input type=\"hidden\" name=\"_wpcf7_version\" value=\"6.1.5\" \/><input type=\"hidden\" name=\"_wpcf7_locale\" value=\"pt_PT\" \/><input type=\"hidden\" name=\"_wpcf7_unit_tag\" value=\"wpcf7-f22717-o1\" \/><input type=\"hidden\" name=\"_wpcf7_container_post\" value=\"0\" \/><input type=\"hidden\" name=\"_wpcf7_posted_data_hash\" value=\"\" \/>\n<\/fieldset>\n<span id=\"wpcf7-69e766e566d27-wrapper\" class=\"wpcf7-form-control-wrap confirmar_email-wrap\" style=\"display:none !important; visibility:hidden !important;\"><label for=\"wpcf7-69e766e566d27-field\" class=\"hp-message\">Please leave this field empty.<\/label><input id=\"wpcf7-69e766e566d27-field\"  class=\"wpcf7-form-control wpcf7-text\" type=\"text\" name=\"confirmar_email\" value=\"\" size=\"40\" tabindex=\"-1\" autocomplete=\"new-password\" \/><\/span><label> PRIMEIRO E \u00daLTIMO NOME\n  <span class=\"wpcf7-form-control-wrap\" data-name=\"your-name\"><input size=\"40\" maxlength=\"400\" class=\"wpcf7-form-control wpcf7-text wpcf7-validates-as-required\" aria-required=\"true\" aria-invalid=\"false\" value=\"\" type=\"text\" name=\"your-name\" \/><\/span> <\/label>\n\n<label> EMAIL\n  <span class=\"wpcf7-form-control-wrap\" data-name=\"your-email\"><input size=\"40\" maxlength=\"400\" class=\"wpcf7-form-control wpcf7-email wpcf7-validates-as-required wpcf7-text wpcf7-validates-as-email\" aria-required=\"true\" aria-invalid=\"false\" value=\"\" type=\"email\" name=\"your-email\" \/><\/span> <\/label>\n\n<label> PA\u00cdS\n  <span class=\"wpcf7-form-control-wrap\" data-name=\"your-country\"><input size=\"40\" maxlength=\"400\" class=\"wpcf7-form-control wpcf7-text wpcf7-validates-as-required\" aria-required=\"true\" aria-invalid=\"false\" value=\"\" type=\"text\" name=\"your-country\" \/><\/span> <\/label>\n\n<label>\n  <span class=\"wpcf7-form-control-wrap\" data-name=\"acceptance-176\"><span class=\"wpcf7-form-control wpcf7-acceptance\"><span class=\"wpcf7-list-item\"><label><input type=\"checkbox\" name=\"acceptance-176\" value=\"1\" aria-invalid=\"false\" \/><span class=\"wpcf7-list-item-label\">Li e aceito a <a href=\"https:\/\/www.duomasters.com\/politica-de-privacidade\/\">Pol\u00edtica de Privacidade<\/a> da Duo Masters.<\/span><\/label><\/span><\/span><\/span> <\/label>\n\n\n<button class=\"wpcf7-form-control wpcf7-submit qodef-button qodef-size--normal qodef-layout--filled qodef-m\" type=\"submit\"><span class=\"qodef-m-text\">Submeter<\/span><\/button><input type='hidden' class='wpcf7-pum' value='{\"closepopup\":false,\"closedelay\":0,\"openpopup\":false,\"openpopup_id\":0}' \/><div class=\"wpcf7-response-output\" aria-hidden=\"true\"><\/div>\n<\/form>\n<\/div>\n<\/div>\n\t\t\t\t<\/div>\n\t\t\t\t<\/div>\n\t\t\t\t<div class=\"elementor-element elementor-element-184cc11 elementor-widget elementor-widget-spacer\" data-id=\"184cc11\" data-element_type=\"widget\" data-e-type=\"widget\" data-widget_type=\"spacer.default\">\n\t\t\t\t<div class=\"elementor-widget-container\">\n\t\t\t\t\t\t\t<div class=\"elementor-spacer\">\n\t\t\t<div class=\"elementor-spacer-inner\"><\/div>\n\t\t<\/div>\n\t\t\t\t\t\t<\/div>\n\t\t\t\t<\/div>\n\t\t\t\t\t<\/div>\n\t\t<\/div>\n\t\t\t\t\t<\/div>\n\t\t<\/section>\n\t\t\t\t<section class=\"elementor-section elementor-top-section elementor-element elementor-element-e373b8e elementor-section-boxed elementor-section-height-default elementor-section-height-default qodef-elementor-content-no\" data-id=\"e373b8e\" data-element_type=\"section\" data-e-type=\"section\">\n\t\t\t\t\t\t<div class=\"elementor-container elementor-column-gap-default\">\n\t\t\t\t\t<div class=\"elementor-column elementor-col-100 elementor-top-column elementor-element elementor-element-129fca7\" data-id=\"129fca7\" data-element_type=\"column\" data-e-type=\"column\">\n\t\t\t<div class=\"elementor-widget-wrap elementor-element-populated\">\n\t\t\t\t\t\t<div class=\"elementor-element elementor-element-09bac98 elementor-widget elementor-widget-spacer\" data-id=\"09bac98\" data-element_type=\"widget\" data-e-type=\"widget\" data-widget_type=\"spacer.default\">\n\t\t\t\t<div class=\"elementor-widget-container\">\n\t\t\t\t\t\t\t<div class=\"elementor-spacer\">\n\t\t\t<div class=\"elementor-spacer-inner\"><\/div>\n\t\t<\/div>\n\t\t\t\t\t\t<\/div>\n\t\t\t\t<\/div>\n\t\t\t\t\t<\/div>\n\t\t<\/div>\n\t\t\t\t\t<\/div>\n\t\t<\/section>\n\t\t\t\t<\/div>\n\t\t","protected":false},"excerpt":{"rendered":"<p>Pronto para explorar? DESCARREGUE GR\u00c1TIS Deixe os seus dados e receba esta brochura Please leave this field empty. PRIMEIRO E \u00daLTIMO NOME EMAIL PA\u00cdS Li e aceito a Pol\u00edtica de Privacidade da Duo Masters. Submeter<\/p>\n","protected":false},"author":2,"featured_media":22164,"parent":0,"menu_order":0,"comment_status":"closed","ping_status":"closed","template":"page-full-width.php","meta":{"footnotes":""},"class_list":["post-22163","page","type-page","status-publish","has-post-thumbnail","hentry"],"yoast_head":"<!-- This site is optimized with the Yoast SEO plugin v23.9 - https:\/\/yoast.com\/wordpress\/plugins\/seo\/ -->\n<title>Download Brochura - Duo Masters<\/title>\n<meta name=\"robots\" content=\"index, follow, max-snippet:-1, max-image-preview:large, max-video-preview:-1\" \/>\n<link rel=\"canonical\" href=\"https:\/\/www.duomasters.com\/pt\/download-brochura\/\" \/>\n<meta property=\"og:locale\" content=\"pt_PT\" \/>\n<meta property=\"og:type\" content=\"article\" \/>\n<meta property=\"og:title\" content=\"Download Brochura - Duo Masters\" \/>\n<meta property=\"og:description\" content=\"Pronto para explorar? DESCARREGUE GR\u00c1TIS Deixe os seus dados e receba esta brochura Please leave this field empty. PRIMEIRO E \u00daLTIMO NOME EMAIL PA\u00cdS Li e aceito a Pol\u00edtica de Privacidade da Duo Masters. Submeter\" \/>\n<meta property=\"og:url\" content=\"https:\/\/www.duomasters.com\/pt\/download-brochura\/\" \/>\n<meta property=\"og:site_name\" content=\"Duo Masters\" \/>\n<meta property=\"og:image\" content=\"https:\/\/www.duomasters.com\/wp-content\/uploads\/Brochura-Cuckoos-PT.png\" \/>\n<meta name=\"twitter:card\" content=\"summary_large_image\" \/>\n<script type=\"application\/ld+json\" class=\"yoast-schema-graph\">{\"@context\":\"https:\/\/schema.org\",\"@graph\":[{\"@type\":\"WebPage\",\"@id\":\"https:\/\/www.duomasters.com\/pt\/download-brochura\/\",\"url\":\"https:\/\/www.duomasters.com\/pt\/download-brochura\/\",\"name\":\"Download Brochura - Duo Masters\",\"isPartOf\":{\"@id\":\"https:\/\/www.duomasters.com\/en\/#website\"},\"primaryImageOfPage\":{\"@id\":\"https:\/\/www.duomasters.com\/pt\/download-brochura\/#primaryimage\"},\"image\":{\"@id\":\"https:\/\/www.duomasters.com\/pt\/download-brochura\/#primaryimage\"},\"thumbnailUrl\":\"https:\/\/www.duomasters.com\/wp-content\/uploads\/Brochura-Cuckoos-PT.png\",\"datePublished\":\"2024-08-12T11:36:34+00:00\",\"dateModified\":\"2024-08-12T11:36:34+00:00\",\"breadcrumb\":{\"@id\":\"https:\/\/www.duomasters.com\/pt\/download-brochura\/#breadcrumb\"},\"inLanguage\":\"pt-PT\",\"potentialAction\":[{\"@type\":\"ReadAction\",\"target\":[\"https:\/\/www.duomasters.com\/pt\/download-brochura\/\"]}]},{\"@type\":\"ImageObject\",\"inLanguage\":\"pt-PT\",\"@id\":\"https:\/\/www.duomasters.com\/pt\/download-brochura\/#primaryimage\",\"url\":\"https:\/\/www.duomasters.com\/wp-content\/uploads\/Brochura-Cuckoos-PT.png\",\"contentUrl\":\"https:\/\/www.duomasters.com\/wp-content\/uploads\/Brochura-Cuckoos-PT.png\",\"width\":1024,\"height\":996},{\"@type\":\"BreadcrumbList\",\"@id\":\"https:\/\/www.duomasters.com\/pt\/download-brochura\/#breadcrumb\",\"itemListElement\":[{\"@type\":\"ListItem\",\"position\":1,\"name\":\"Home\",\"item\":\"https:\/\/www.duomasters.com\/\"},{\"@type\":\"ListItem\",\"position\":2,\"name\":\"Download Brochura\"}]},{\"@type\":\"WebSite\",\"@id\":\"https:\/\/www.duomasters.com\/en\/#website\",\"url\":\"https:\/\/www.duomasters.com\/en\/\",\"name\":\"Duo Masters\",\"description\":\"A different way of living\",\"potentialAction\":[{\"@type\":\"SearchAction\",\"target\":{\"@type\":\"EntryPoint\",\"urlTemplate\":\"https:\/\/www.duomasters.com\/en\/?s={search_term_string}\"},\"query-input\":{\"@type\":\"PropertyValueSpecification\",\"valueRequired\":true,\"valueName\":\"search_term_string\"}}],\"inLanguage\":\"pt-PT\"}]}<\/script>\n<!-- \/ Yoast SEO plugin. -->","yoast_head_json":{"title":"Download Brochura - Duo Masters","robots":{"index":"index","follow":"follow","max-snippet":"max-snippet:-1","max-image-preview":"max-image-preview:large","max-video-preview":"max-video-preview:-1"},"canonical":"https:\/\/www.duomasters.com\/pt\/download-brochura\/","og_locale":"pt_PT","og_type":"article","og_title":"Download Brochura - Duo Masters","og_description":"Pronto para explorar? DESCARREGUE GR\u00c1TIS Deixe os seus dados e receba esta brochura Please leave this field empty. PRIMEIRO E \u00daLTIMO NOME EMAIL PA\u00cdS Li e aceito a Pol\u00edtica de Privacidade da Duo Masters. Submeter","og_url":"https:\/\/www.duomasters.com\/pt\/download-brochura\/","og_site_name":"Duo Masters","og_image":[{"url":"https:\/\/www.duomasters.com\/wp-content\/uploads\/Brochura-Cuckoos-PT.png"}],"twitter_card":"summary_large_image","schema":{"@context":"https:\/\/schema.org","@graph":[{"@type":"WebPage","@id":"https:\/\/www.duomasters.com\/pt\/download-brochura\/","url":"https:\/\/www.duomasters.com\/pt\/download-brochura\/","name":"Download Brochura - Duo Masters","isPartOf":{"@id":"https:\/\/www.duomasters.com\/en\/#website"},"primaryImageOfPage":{"@id":"https:\/\/www.duomasters.com\/pt\/download-brochura\/#primaryimage"},"image":{"@id":"https:\/\/www.duomasters.com\/pt\/download-brochura\/#primaryimage"},"thumbnailUrl":"https:\/\/www.duomasters.com\/wp-content\/uploads\/Brochura-Cuckoos-PT.png","datePublished":"2024-08-12T11:36:34+00:00","dateModified":"2024-08-12T11:36:34+00:00","breadcrumb":{"@id":"https:\/\/www.duomasters.com\/pt\/download-brochura\/#breadcrumb"},"inLanguage":"pt-PT","potentialAction":[{"@type":"ReadAction","target":["https:\/\/www.duomasters.com\/pt\/download-brochura\/"]}]},{"@type":"ImageObject","inLanguage":"pt-PT","@id":"https:\/\/www.duomasters.com\/pt\/download-brochura\/#primaryimage","url":"https:\/\/www.duomasters.com\/wp-content\/uploads\/Brochura-Cuckoos-PT.png","contentUrl":"https:\/\/www.duomasters.com\/wp-content\/uploads\/Brochura-Cuckoos-PT.png","width":1024,"height":996},{"@type":"BreadcrumbList","@id":"https:\/\/www.duomasters.com\/pt\/download-brochura\/#breadcrumb","itemListElement":[{"@type":"ListItem","position":1,"name":"Home","item":"https:\/\/www.duomasters.com\/"},{"@type":"ListItem","position":2,"name":"Download Brochura"}]},{"@type":"WebSite","@id":"https:\/\/www.duomasters.com\/en\/#website","url":"https:\/\/www.duomasters.com\/en\/","name":"Duo Masters","description":"A different way of living","potentialAction":[{"@type":"SearchAction","target":{"@type":"EntryPoint","urlTemplate":"https:\/\/www.duomasters.com\/en\/?s={search_term_string}"},"query-input":{"@type":"PropertyValueSpecification","valueRequired":true,"valueName":"search_term_string"}}],"inLanguage":"pt-PT"}]}},"_links":{"self":[{"href":"https:\/\/www.duomasters.com\/pt\/wp-json\/wp\/v2\/pages\/22163","targetHints":{"allow":["GET"]}}],"collection":[{"href":"https:\/\/www.duomasters.com\/pt\/wp-json\/wp\/v2\/pages"}],"about":[{"href":"https:\/\/www.duomasters.com\/pt\/wp-json\/wp\/v2\/types\/page"}],"author":[{"embeddable":true,"href":"https:\/\/www.duomasters.com\/pt\/wp-json\/wp\/v2\/users\/2"}],"replies":[{"embeddable":true,"href":"https:\/\/www.duomasters.com\/pt\/wp-json\/wp\/v2\/comments?post=22163"}],"version-history":[{"count":0,"href":"https:\/\/www.duomasters.com\/pt\/wp-json\/wp\/v2\/pages\/22163\/revisions"}],"wp:featuredmedia":[{"embeddable":true,"href":"https:\/\/www.duomasters.com\/pt\/wp-json\/wp\/v2\/media\/22164"}],"wp:attachment":[{"href":"https:\/\/www.duomasters.com\/pt\/wp-json\/wp\/v2\/media?parent=22163"}],"curies":[{"name":"wp","href":"https:\/\/api.w.org\/{rel}","templated":true}]}}